{"id":2211,"date":"2022-11-09T15:18:50","date_gmt":"2022-11-09T14:18:50","guid":{"rendered":"http:\/\/demo.knecht-online.de\/sinning\/?page_id=2211"},"modified":"2023-04-26T13:55:33","modified_gmt":"2023-04-26T11:55:33","slug":"tueren","status":"publish","type":"page","link":"https:\/\/schreinerei-sinning.de\/index.php\/tueren\/","title":{"rendered":"T\u00fcren"},"content":{"rendered":"<p>[et_pb_section fb_built=&#8220;1&#8243; _builder_version=&#8220;4.17.0&#8243; _module_preset=&#8220;default&#8220; background_color=&#8220;RGBA(255,255,255,0)&#8220; custom_padding=&#8220;120px||120px||false|false&#8220; global_colors_info=&#8220;{}&#8220;][et_pb_row _builder_version=&#8220;4.17.4&#8243; _module_preset=&#8220;default&#8220; custom_padding=&#8220;||60px||false|false&#8220; global_colors_info=&#8220;{}&#8220;][et_pb_column type=&#8220;4_4&#8243; _builder_version=&#8220;4.17.0&#8243; _module_preset=&#8220;default&#8220; global_colors_info=&#8220;{}&#8220;][et_pb_text _builder_version=&#8220;4.20.2&#8243; _module_preset=&#8220;default&#8220; text_font=&#8220;Hind Madurai||||||||&#8220; text_text_color=&#8220;#353D3F&#8220; header_2_font=&#8220;Hind Madurai|700||on|||||&#8220; header_2_text_color=&#8220;#353d3f&#8220; header_2_font_size=&#8220;30px&#8220; header_2_letter_spacing=&#8220;2px&#8220; header_2_line_height=&#8220;1.1em&#8220; custom_margin=&#8220;||0px||false|false&#8220; global_colors_info=&#8220;{}&#8220;]<\/p>\n<h2>T\u00fcren<\/h2>\n<p>F\u00fcr T\u00fcren und Dr\u00fcckergarnituren arbeiten wir gerne mit nachfolgenden Qualit\u00e4ts-Partnern zusammen.<\/p>\n<p>[\/et_pb_text][\/et_pb_column][\/et_pb_row][et_pb_row _builder_version=&#8220;4.19.4&#8243; _module_preset=&#8220;default&#8220; custom_margin=&#8220;0px||30px||false|false&#8220; custom_padding=&#8220;0px||0px||false|false&#8220; link_option_url=&#8220;https:\/\/www.grauthoff.com\/tueren\/hgm-100-prozent-echt\/&#8220; link_option_url_new_window=&#8220;on&#8220; global_colors_info=&#8220;{}&#8220;][et_pb_column type=&#8220;4_4&#8243; _builder_version=&#8220;4.17.0&#8243; _module_preset=&#8220;default&#8220; global_colors_info=&#8220;{}&#8220;][et_pb_text _builder_version=&#8220;4.20.2&#8243; _module_preset=&#8220;default&#8220; text_font=&#8220;Hind Madurai||||||||&#8220; text_text_color=&#8220;#353D3F&#8220; header_2_font=&#8220;Hind Madurai|700||on|||||&#8220; header_2_text_color=&#8220;#353d3f&#8220; header_2_font_size=&#8220;30px&#8220; header_2_letter_spacing=&#8220;2px&#8220; header_2_line_height=&#8220;1.1em&#8220; custom_margin=&#8220;||10px||false|false&#8220; custom_padding=&#8220;||0px||false|false&#8220; global_colors_info=&#8220;{}&#8220;]<\/p>\n<p>HGM \u2013 Echtholzt\u00fcren und Echtlackt\u00fcren<br \/><span style=\"color: #ff0000;\"><\/span><\/p>\n<p>[\/et_pb_text][et_pb_image src=&#8220;https:\/\/schreinerei-sinning.de\/wp-content\/uploads\/2023\/03\/qualitaetspartner-HGM.jpg&#8220; url=&#8220;https:\/\/www.grauthoff.com\/tueren\/hgm-100-prozent-echt\/&#8220; url_new_window=&#8220;on&#8220; _builder_version=&#8220;4.19.4&#8243; _module_preset=&#8220;default&#8220; global_colors_info=&#8220;{}&#8220;][\/et_pb_image][\/et_pb_column][\/et_pb_row][et_pb_row _builder_version=&#8220;4.17.4&#8243; _module_preset=&#8220;default&#8220; custom_margin=&#8220;0px||0px||false|false&#8220; custom_padding=&#8220;0px||0px||false|false&#8220; global_colors_info=&#8220;{}&#8220;][et_pb_column type=&#8220;4_4&#8243; _builder_version=&#8220;4.17.0&#8243; _module_preset=&#8220;default&#8220; global_colors_info=&#8220;{}&#8220;][et_pb_text _builder_version=&#8220;4.20.2&#8243; _module_preset=&#8220;default&#8220; text_font=&#8220;Hind Madurai||||||||&#8220; text_text_color=&#8220;#353D3F&#8220; header_2_font=&#8220;Hind Madurai|700||on|||||&#8220; header_2_text_color=&#8220;#353d3f&#8220; header_2_font_size=&#8220;30px&#8220; header_2_letter_spacing=&#8220;2px&#8220; header_2_line_height=&#8220;1.1em&#8220; custom_margin=&#8220;||10px||false|false&#8220; custom_padding=&#8220;||0px||false|false&#8220; global_colors_info=&#8220;{}&#8220;]<\/p>\n<p>Astra \u2013 CPL T\u00fcren (Continuous Pressure Laminate)<br \/><span style=\"color: #ff0000;\"><\/span><\/p>\n<p>[\/et_pb_text][\/et_pb_column][\/et_pb_row][et_pb_row _builder_version=&#8220;4.19.4&#8243; _module_preset=&#8220;default&#8220; custom_margin=&#8220;||30px||false|false&#8220; custom_padding=&#8220;0px||0px||false|false&#8220; link_option_url=&#8220;https:\/\/www.grauthoff.com\/tueren\/cpl-tueren\/&#8220; link_option_url_new_window=&#8220;on&#8220; global_colors_info=&#8220;{}&#8220;][et_pb_column type=&#8220;4_4&#8243; _builder_version=&#8220;4.19.4&#8243; _module_preset=&#8220;default&#8220; background_enable_color=&#8220;off&#8220; background_enable_image=&#8220;off&#8220; parallax=&#8220;on&#8220; global_colors_info=&#8220;{}&#8220;][et_pb_image src=&#8220;https:\/\/schreinerei-sinning.de\/wp-content\/uploads\/2023\/02\/qualitaetspartner-astra.jpg&#8220; url=&#8220;https:\/\/www.grauthoff.com\/tueren\/cpl-tueren\/&#8220; url_new_window=&#8220;on&#8220; _builder_version=&#8220;4.19.4&#8243; _module_preset=&#8220;default&#8220; global_colors_info=&#8220;{}&#8220;][\/et_pb_image][\/et_pb_column][\/et_pb_row][et_pb_row _builder_version=&#8220;4.19.4&#8243; _module_preset=&#8220;default&#8220; custom_margin=&#8220;0px||0px||false|false&#8220; custom_padding=&#8220;0px||0px||false|false&#8220; global_colors_info=&#8220;{}&#8220;][et_pb_column type=&#8220;4_4&#8243; _builder_version=&#8220;4.17.0&#8243; _module_preset=&#8220;default&#8220; global_colors_info=&#8220;{}&#8220;][et_pb_text _builder_version=&#8220;4.20.2&#8243; _module_preset=&#8220;default&#8220; text_font=&#8220;Hind Madurai||||||||&#8220; text_text_color=&#8220;#353D3F&#8220; header_2_font=&#8220;Hind Madurai|700||on|||||&#8220; header_2_text_color=&#8220;#353d3f&#8220; header_2_font_size=&#8220;30px&#8220; header_2_letter_spacing=&#8220;2px&#8220; header_2_line_height=&#8220;1.1em&#8220; custom_margin=&#8220;||10px||false|false&#8220; custom_padding=&#8220;||0px||false|false&#8220; global_colors_info=&#8220;{}&#8220;]<\/p>\n<p>Bartels \u2013 Exklusivbereich Massivholzt\u00fcren und Echtlackt\u00fcren<br \/><span style=\"color: #ff0000;\"><\/span><\/p>\n<p>[\/et_pb_text][\/et_pb_column][\/et_pb_row][et_pb_row _builder_version=&#8220;4.19.4&#8243; _module_preset=&#8220;default&#8220; custom_margin=&#8220;||30px||false|false&#8220; custom_padding=&#8220;0px||0px||false|false&#8220; link_option_url=&#8220;https:\/\/www.grauthoff.com\/tueren\/bartels-die-exklusivmarke\/&#8220; link_option_url_new_window=&#8220;on&#8220; global_colors_info=&#8220;{}&#8220;][et_pb_column type=&#8220;4_4&#8243; _builder_version=&#8220;4.19.4&#8243; _module_preset=&#8220;default&#8220; background_enable_color=&#8220;off&#8220; background_enable_image=&#8220;off&#8220; parallax=&#8220;on&#8220; global_colors_info=&#8220;{}&#8220;][et_pb_image src=&#8220;https:\/\/schreinerei-sinning.de\/wp-content\/uploads\/2023\/03\/qualitaetspartner-bartels.jpg&#8220; url=&#8220;https:\/\/www.grauthoff.com\/tueren\/bartels-die-exklusivmarke\/&#8220; url_new_window=&#8220;on&#8220; _builder_version=&#8220;4.19.4&#8243; _module_preset=&#8220;default&#8220; global_colors_info=&#8220;{}&#8220;][\/et_pb_image][\/et_pb_column][\/et_pb_row][et_pb_row _builder_version=&#8220;4.17.4&#8243; _module_preset=&#8220;default&#8220; custom_margin=&#8220;0px||0px||false|false&#8220; custom_padding=&#8220;0px||0px||false|false&#8220; global_colors_info=&#8220;{}&#8220;][et_pb_column type=&#8220;4_4&#8243; _builder_version=&#8220;4.17.0&#8243; _module_preset=&#8220;default&#8220; global_colors_info=&#8220;{}&#8220;][et_pb_text _builder_version=&#8220;4.20.2&#8243; _module_preset=&#8220;default&#8220; text_font=&#8220;Hind Madurai||||||||&#8220; text_text_color=&#8220;#353D3F&#8220; header_2_font=&#8220;Hind Madurai|700||on|||||&#8220; header_2_text_color=&#8220;#353d3f&#8220; header_2_font_size=&#8220;30px&#8220; header_2_letter_spacing=&#8220;2px&#8220; header_2_line_height=&#8220;1.1em&#8220; custom_margin=&#8220;||10px||false|false&#8220; custom_padding=&#8220;||0px||false|false&#8220; global_colors_info=&#8220;{}&#8220;]<\/p>\n<p>Bawo \u2013 Massivholzt\u00fcren, Landhaust\u00fcren und Wei\u00dflackt\u00fcren<br \/><span style=\"color: #ff0000;\"><\/span><\/p>\n<p>[\/et_pb_text][\/et_pb_column][\/et_pb_row][et_pb_row _builder_version=&#8220;4.19.4&#8243; _module_preset=&#8220;default&#8220; custom_margin=&#8220;||30px||false|false&#8220; custom_padding=&#8220;0px||0px||false|false&#8220; link_option_url=&#8220;https:\/\/t\u00fcrkultur.de\/&#8220; link_option_url_new_window=&#8220;on&#8220; global_colors_info=&#8220;{}&#8220;][et_pb_column type=&#8220;4_4&#8243; _builder_version=&#8220;4.19.4&#8243; _module_preset=&#8220;default&#8220; background_enable_color=&#8220;off&#8220; background_enable_image=&#8220;off&#8220; parallax=&#8220;on&#8220; global_colors_info=&#8220;{}&#8220;][et_pb_image src=&#8220;https:\/\/schreinerei-sinning.de\/wp-content\/uploads\/2023\/02\/qualitaetspartner-bawo.jpg&#8220; url=&#8220;https:\/\/t\u00fcrkultur.de\/&#8220; url_new_window=&#8220;on&#8220; _builder_version=&#8220;4.19.4&#8243; _module_preset=&#8220;default&#8220; global_colors_info=&#8220;{}&#8220;][\/et_pb_image][\/et_pb_column][\/et_pb_row][et_pb_row _builder_version=&#8220;4.17.4&#8243; _module_preset=&#8220;default&#8220; custom_margin=&#8220;0px||0px||false|false&#8220; custom_padding=&#8220;0px||0px||false|false&#8220; global_colors_info=&#8220;{}&#8220;][et_pb_column type=&#8220;4_4&#8243; _builder_version=&#8220;4.17.0&#8243; _module_preset=&#8220;default&#8220; global_colors_info=&#8220;{}&#8220;][et_pb_text _builder_version=&#8220;4.20.2&#8243; _module_preset=&#8220;default&#8220; text_font=&#8220;Hind Madurai||||||||&#8220; text_text_color=&#8220;#353D3F&#8220; header_2_font=&#8220;Hind Madurai|700||on|||||&#8220; header_2_text_color=&#8220;#353d3f&#8220; header_2_font_size=&#8220;30px&#8220; header_2_letter_spacing=&#8220;2px&#8220; header_2_line_height=&#8220;1.1em&#8220; custom_margin=&#8220;||10px||false|false&#8220; custom_padding=&#8220;||0px||false|false&#8220; global_colors_info=&#8220;{}&#8220;]<\/p>\n<p>Licht &amp; Harmonie \u2013 Glast\u00fcren, Glasschiebet\u00fcren und Glaspendelt\u00fcren<br \/><span style=\"color: #ff0000;\"><\/span><\/p>\n<p>[\/et_pb_text][\/et_pb_column][\/et_pb_row][et_pb_row _builder_version=&#8220;4.19.4&#8243; _module_preset=&#8220;default&#8220; custom_margin=&#8220;||30px||false|false&#8220; custom_padding=&#8220;0px||0px||false|false&#8220; link_option_url=&#8220;https:\/\/www.licht-harmonie.de\/&#8220; link_option_url_new_window=&#8220;on&#8220; global_colors_info=&#8220;{}&#8220;][et_pb_column type=&#8220;4_4&#8243; _builder_version=&#8220;4.19.4&#8243; _module_preset=&#8220;default&#8220; background_enable_color=&#8220;off&#8220; background_enable_image=&#8220;off&#8220; parallax=&#8220;on&#8220; global_colors_info=&#8220;{}&#8220;][et_pb_image src=&#8220;https:\/\/schreinerei-sinning.de\/wp-content\/uploads\/2023\/03\/qualitaetspartner-licht-harmonie.jpg&#8220; url=&#8220;https:\/\/www.licht-harmonie.de\/&#8220; url_new_window=&#8220;on&#8220; _builder_version=&#8220;4.19.4&#8243; _module_preset=&#8220;default&#8220; global_colors_info=&#8220;{}&#8220;][\/et_pb_image][\/et_pb_column][\/et_pb_row][et_pb_row _builder_version=&#8220;4.19.4&#8243; _module_preset=&#8220;default&#8220; custom_margin=&#8220;0px||0px||false|false&#8220; custom_padding=&#8220;0px||0px||false|false&#8220; global_colors_info=&#8220;{}&#8220;][et_pb_column type=&#8220;4_4&#8243; _builder_version=&#8220;4.17.0&#8243; _module_preset=&#8220;default&#8220; global_colors_info=&#8220;{}&#8220;][et_pb_text _builder_version=&#8220;4.20.2&#8243; _module_preset=&#8220;default&#8220; text_font=&#8220;Hind Madurai||||||||&#8220; text_text_color=&#8220;#353D3F&#8220; header_2_font=&#8220;Hind Madurai|700||on|||||&#8220; header_2_text_color=&#8220;#353d3f&#8220; header_2_font_size=&#8220;30px&#8220; header_2_letter_spacing=&#8220;2px&#8220; header_2_line_height=&#8220;1.1em&#8220; custom_margin=&#8220;||10px||false|false&#8220; custom_padding=&#8220;||0px||false|false&#8220; global_colors_info=&#8220;{}&#8220;]<\/p>\n<p>Sch\u00f6rghuber \u2013 Brand-, Rauch-, Schall-, Einbruch- und Strahlenschutzt\u00fcren, Nassraumt\u00fcren, Feuchtraumt\u00fcren und Barrierefreie T\u00fcren<br \/><span style=\"color: #ff0000;\"><\/span><\/p>\n<p>[\/et_pb_text][\/et_pb_column][\/et_pb_row][et_pb_row _builder_version=&#8220;4.17.4&#8243; _module_preset=&#8220;default&#8220; custom_margin=&#8220;||30px||false|false&#8220; custom_padding=&#8220;0px||0px||false|false&#8220; link_option_url=&#8220;https:\/\/www.schoerghuber.de\/&#8220; link_option_url_new_window=&#8220;on&#8220; global_colors_info=&#8220;{}&#8220;][et_pb_column type=&#8220;4_4&#8243; _builder_version=&#8220;4.17.4&#8243; _module_preset=&#8220;default&#8220; background_image=&#8220;https:\/\/schreinerei-sinning.de\/wp-content\/uploads\/2023\/01\/Volkstheater_MUC_0947.jpg&#8220; parallax=&#8220;on&#8220; global_colors_info=&#8220;{}&#8220;][et_pb_image src=&#8220;https:\/\/schreinerei-sinning.de\/wp-content\/uploads\/2023\/04\/qualitaetspartner-schoerghuber.jpg&#8220; _builder_version=&#8220;4.20.2&#8243; _module_preset=&#8220;default&#8220; global_colors_info=&#8220;{}&#8220;][\/et_pb_image][\/et_pb_column][\/et_pb_row][et_pb_row _builder_version=&#8220;4.19.4&#8243; _module_preset=&#8220;default&#8220; custom_padding=&#8220;50px||0px||false|false&#8220; global_colors_info=&#8220;{}&#8220;][et_pb_column type=&#8220;4_4&#8243; _builder_version=&#8220;4.19.4&#8243; _module_preset=&#8220;default&#8220; global_colors_info=&#8220;{}&#8220;][et_pb_divider _builder_version=&#8220;4.19.4&#8243; _module_preset=&#8220;default&#8220; global_colors_info=&#8220;{}&#8220;][\/et_pb_divider][\/et_pb_column][\/et_pb_row][et_pb_row column_structure=&#8220;2_3,1_3&#8243; custom_padding_last_edited=&#8220;on|phone&#8220; _builder_version=&#8220;4.19.4&#8243; _module_preset=&#8220;default&#8220; custom_padding=&#8220;||60px||false|false&#8220; custom_padding_tablet=&#8220;||0px||false|false&#8220; custom_padding_phone=&#8220;||0px||false|false&#8220; global_colors_info=&#8220;{}&#8220;][et_pb_column type=&#8220;2_3&#8243; _builder_version=&#8220;4.17.0&#8243; _module_preset=&#8220;default&#8220; global_colors_info=&#8220;{}&#8220;][et_pb_text _builder_version=&#8220;4.20.2&#8243; _module_preset=&#8220;default&#8220; text_font=&#8220;Hind Madurai||||||||&#8220; text_text_color=&#8220;#353D3F&#8220; header_2_font=&#8220;Hind Madurai|700||on|||||&#8220; header_2_text_color=&#8220;#353d3f&#8220; header_2_font_size=&#8220;30px&#8220; header_2_letter_spacing=&#8220;2px&#8220; header_2_line_height=&#8220;1.1em&#8220; custom_margin=&#8220;||0px||false|false&#8220; custom_padding=&#8220;||0px||false|false&#8220; global_colors_info=&#8220;{}&#8220;]<\/p>\n<h2>Dr\u00fccker\u00adgarnituren<\/h2>\n<p>[\/et_pb_text][\/et_pb_column][et_pb_column type=&#8220;1_3&#8243; _builder_version=&#8220;4.17.4&#8243; _module_preset=&#8220;default&#8220; background_enable_color=&#8220;off&#8220; custom_padding=&#8220;25px|25px|25px|25px|false|false&#8220; global_colors_info=&#8220;{}&#8220;][\/et_pb_column][\/et_pb_row][et_pb_row _builder_version=&#8220;4.17.4&#8243; _module_preset=&#8220;default&#8220; custom_margin=&#8220;0px||0px||false|false&#8220; custom_padding=&#8220;0px||0px||false|false&#8220; global_colors_info=&#8220;{}&#8220;][et_pb_column type=&#8220;4_4&#8243; _builder_version=&#8220;4.17.0&#8243; _module_preset=&#8220;default&#8220; global_colors_info=&#8220;{}&#8220;][et_pb_text _builder_version=&#8220;4.20.2&#8243; _module_preset=&#8220;default&#8220; text_font=&#8220;Hind Madurai||||||||&#8220; text_text_color=&#8220;#353D3F&#8220; header_2_font=&#8220;Hind Madurai|700||on|||||&#8220; header_2_text_color=&#8220;#353d3f&#8220; header_2_font_size=&#8220;30px&#8220; header_2_letter_spacing=&#8220;2px&#8220; header_2_line_height=&#8220;1.1em&#8220; custom_margin=&#8220;||10px||false|false&#8220; custom_padding=&#8220;||0px||false|false&#8220; global_colors_info=&#8220;{}&#8220;]<\/p>\n<p>Hoppe \u2013 Dr\u00fcckergarnituren f\u00fcr Objekt und Privatbereich<br \/><span style=\"color: #ff0000;\"><\/span><\/p>\n<p>[\/et_pb_text][\/et_pb_column][\/et_pb_row][et_pb_row _builder_version=&#8220;4.17.4&#8243; _module_preset=&#8220;default&#8220; custom_margin=&#8220;||30px||false|false&#8220; custom_padding=&#8220;0px||0px||false|false&#8220; link_option_url=&#8220;https:\/\/www.hoppe.com\/de-de\/&#8220; link_option_url_new_window=&#8220;on&#8220; global_colors_info=&#8220;{}&#8220;][et_pb_column type=&#8220;4_4&#8243; _builder_version=&#8220;4.17.4&#8243; _module_preset=&#8220;default&#8220; background_image=&#8220;https:\/\/schreinerei-sinning.de\/wp-content\/uploads\/2023\/01\/Volkstheater_MUC_0947.jpg&#8220; parallax=&#8220;on&#8220; global_colors_info=&#8220;{}&#8220;][et_pb_image src=&#8220;https:\/\/schreinerei-sinning.de\/wp-content\/uploads\/2023\/03\/qualitaetspartner-hoppe-1.jpg&#8220; _builder_version=&#8220;4.19.4&#8243; _module_preset=&#8220;default&#8220; global_colors_info=&#8220;{}&#8220;][\/et_pb_image][\/et_pb_column][\/et_pb_row][et_pb_row _builder_version=&#8220;4.19.4&#8243; _module_preset=&#8220;default&#8220; custom_margin=&#8220;0px||0px||false|false&#8220; custom_padding=&#8220;0px||0px||false|false&#8220; link_option_url=&#8220;https:\/\/www.griffwerk.de\/&#8220; link_option_url_new_window=&#8220;on&#8220; global_colors_info=&#8220;{}&#8220;][et_pb_column type=&#8220;4_4&#8243; _builder_version=&#8220;4.17.0&#8243; _module_preset=&#8220;default&#8220; global_colors_info=&#8220;{}&#8220;][et_pb_text _builder_version=&#8220;4.20.2&#8243; _module_preset=&#8220;default&#8220; text_font=&#8220;Hind Madurai||||||||&#8220; text_text_color=&#8220;#353D3F&#8220; header_2_font=&#8220;Hind Madurai|700||on|||||&#8220; header_2_text_color=&#8220;#353d3f&#8220; header_2_font_size=&#8220;30px&#8220; header_2_letter_spacing=&#8220;2px&#8220; header_2_line_height=&#8220;1.1em&#8220; custom_margin=&#8220;||10px||false|false&#8220; custom_padding=&#8220;||0px||false|false&#8220; global_colors_info=&#8220;{}&#8220;]<\/p>\n<p>Griffwerk \u2013 Dr\u00fcckergarnituren Privatbereich<br \/><span style=\"color: #ff0000;\"><\/span><\/p>\n<p>[\/et_pb_text][et_pb_image src=&#8220;https:\/\/schreinerei-sinning.de\/wp-content\/uploads\/2023\/03\/qualitaetspartner-griffwerk-1.jpg&#8220; url=&#8220;https:\/\/www.griffwerk.de\/&#8220; url_new_window=&#8220;on&#8220; _builder_version=&#8220;4.19.4&#8243; _module_preset=&#8220;default&#8220; global_colors_info=&#8220;{}&#8220;][\/et_pb_image][\/et_pb_column][\/et_pb_row][\/et_pb_section]<\/p>\n","protected":false},"excerpt":{"rendered":"<p>T\u00fcren F\u00fcr T\u00fcren und Dr\u00fcckergarnituren arbeiten wir gerne mit nachfolgenden Qualit\u00e4ts-Partnern zusammen.HGM \u2013 Echtholzt\u00fcren und Echtlackt\u00fcrenAstra \u2013 CPL T\u00fcren (Continuous Pressure Laminate)Bartels \u2013 Exklusivbereich Massivholzt\u00fcren und Echtlackt\u00fcrenBawo \u2013 Massivholzt\u00fcren, Landhaust\u00fcren und Wei\u00dflackt\u00fcrenLicht &amp; Harmonie \u2013 Glast\u00fcren, Glasschiebet\u00fcren und Glaspendelt\u00fcrenSch\u00f6rghuber \u2013 Brand-, Rauch-, Schall-, Einbruch- und Strahlenschutzt\u00fcren, Nassraumt\u00fcren, Feuchtraumt\u00fcren und Barrierefreie T\u00fcrenDr\u00fccker\u00adgarniturenHoppe \u2013 Dr\u00fcckergarnituren f\u00fcr Objekt [&hellip;]<\/p>\n","protected":false},"author":1,"featured_media":0,"parent":0,"menu_order":0,"comment_status":"closed","ping_status":"closed","template":"","meta":{"_et_pb_use_builder":"on","_et_pb_old_content":"<!-- wp:divi\/placeholder \/-->","_et_gb_content_width":"","footnotes":""},"class_list":["post-2211","page","type-page","status-publish","hentry"],"yoast_head":"<!-- This site is optimized with the Yoast SEO plugin v20.7 - https:\/\/yoast.com\/wordpress\/plugins\/seo\/ -->\n<title>T\u00fcren - Schreinerei Sinning GmbH<\/title>\n<meta name=\"robots\" content=\"index, follow, max-snippet:-1, max-image-preview:large, max-video-preview:-1\" \/>\n<link rel=\"canonical\" href=\"https:\/\/schreinerei-sinning.de\/index.php\/tueren\/\" \/>\n<meta property=\"og:locale\" content=\"de_DE\" \/>\n<meta property=\"og:type\" content=\"article\" \/>\n<meta property=\"og:title\" content=\"T\u00fcren - Schreinerei Sinning GmbH\" \/>\n<meta property=\"og:description\" content=\"T\u00fcren F\u00fcr T\u00fcren und Dr\u00fcckergarnituren arbeiten wir gerne mit nachfolgenden Qualit\u00e4ts-Partnern zusammen.HGM \u2013 Echtholzt\u00fcren und Echtlackt\u00fcrenAstra \u2013 CPL T\u00fcren (Continuous Pressure Laminate)Bartels \u2013 Exklusivbereich Massivholzt\u00fcren und Echtlackt\u00fcrenBawo \u2013 Massivholzt\u00fcren, Landhaust\u00fcren und Wei\u00dflackt\u00fcrenLicht &amp; Harmonie \u2013 Glast\u00fcren, Glasschiebet\u00fcren und Glaspendelt\u00fcrenSch\u00f6rghuber \u2013 Brand-, Rauch-, Schall-, Einbruch- und Strahlenschutzt\u00fcren, Nassraumt\u00fcren, Feuchtraumt\u00fcren und Barrierefreie T\u00fcrenDr\u00fccker\u00adgarniturenHoppe \u2013 Dr\u00fcckergarnituren f\u00fcr Objekt [&hellip;]\" \/>\n<meta property=\"og:url\" content=\"https:\/\/schreinerei-sinning.de\/index.php\/tueren\/\" \/>\n<meta property=\"og:site_name\" content=\"Schreinerei Sinning GmbH\" \/>\n<meta property=\"article:modified_time\" content=\"2023-04-26T11:55:33+00:00\" \/>\n<meta name=\"twitter:card\" content=\"summary_large_image\" \/>\n<meta name=\"twitter:label1\" content=\"Gesch\u00e4tzte Lesezeit\" \/>\n\t<meta name=\"twitter:data1\" content=\"9\u00a0Minuten\" \/>\n<script type=\"application\/ld+json\" class=\"yoast-schema-graph\">{\"@context\":\"https:\/\/schema.org\",\"@graph\":[{\"@type\":\"WebPage\",\"@id\":\"https:\/\/schreinerei-sinning.de\/index.php\/tueren\/\",\"url\":\"https:\/\/schreinerei-sinning.de\/index.php\/tueren\/\",\"name\":\"T\u00fcren - Schreinerei Sinning GmbH\",\"isPartOf\":{\"@id\":\"https:\/\/schreinerei-sinning.de\/#website\"},\"datePublished\":\"2022-11-09T14:18:50+00:00\",\"dateModified\":\"2023-04-26T11:55:33+00:00\",\"breadcrumb\":{\"@id\":\"https:\/\/schreinerei-sinning.de\/index.php\/tueren\/#breadcrumb\"},\"inLanguage\":\"de\",\"potentialAction\":[{\"@type\":\"ReadAction\",\"target\":[\"https:\/\/schreinerei-sinning.de\/index.php\/tueren\/\"]}]},{\"@type\":\"BreadcrumbList\",\"@id\":\"https:\/\/schreinerei-sinning.de\/index.php\/tueren\/#breadcrumb\",\"itemListElement\":[{\"@type\":\"ListItem\",\"position\":1,\"name\":\"Startseite\",\"item\":\"https:\/\/schreinerei-sinning.de\/\"},{\"@type\":\"ListItem\",\"position\":2,\"name\":\"T\u00fcren\"}]},{\"@type\":\"WebSite\",\"@id\":\"https:\/\/schreinerei-sinning.de\/#website\",\"url\":\"https:\/\/schreinerei-sinning.de\/\",\"name\":\"Schreinerei Sinning GmbH\",\"description\":\"Wir bauen IHRE M\u00f6bel\",\"potentialAction\":[{\"@type\":\"SearchAction\",\"target\":{\"@type\":\"EntryPoint\",\"urlTemplate\":\"https:\/\/schreinerei-sinning.de\/?s={search_term_string}\"},\"query-input\":\"required name=search_term_string\"}],\"inLanguage\":\"de\"}]}<\/script>\n<!-- \/ Yoast SEO plugin. -->","yoast_head_json":{"title":"T\u00fcren - Schreinerei Sinning GmbH","robots":{"index":"index","follow":"follow","max-snippet":"max-snippet:-1","max-image-preview":"max-image-preview:large","max-video-preview":"max-video-preview:-1"},"canonical":"https:\/\/schreinerei-sinning.de\/index.php\/tueren\/","og_locale":"de_DE","og_type":"article","og_title":"T\u00fcren - Schreinerei Sinning GmbH","og_description":"T\u00fcren F\u00fcr T\u00fcren und Dr\u00fcckergarnituren arbeiten wir gerne mit nachfolgenden Qualit\u00e4ts-Partnern zusammen.HGM \u2013 Echtholzt\u00fcren und Echtlackt\u00fcrenAstra \u2013 CPL T\u00fcren (Continuous Pressure Laminate)Bartels \u2013 Exklusivbereich Massivholzt\u00fcren und Echtlackt\u00fcrenBawo \u2013 Massivholzt\u00fcren, Landhaust\u00fcren und Wei\u00dflackt\u00fcrenLicht &amp; Harmonie \u2013 Glast\u00fcren, Glasschiebet\u00fcren und Glaspendelt\u00fcrenSch\u00f6rghuber \u2013 Brand-, Rauch-, Schall-, Einbruch- und Strahlenschutzt\u00fcren, Nassraumt\u00fcren, Feuchtraumt\u00fcren und Barrierefreie T\u00fcrenDr\u00fccker\u00adgarniturenHoppe \u2013 Dr\u00fcckergarnituren f\u00fcr Objekt [&hellip;]","og_url":"https:\/\/schreinerei-sinning.de\/index.php\/tueren\/","og_site_name":"Schreinerei Sinning GmbH","article_modified_time":"2023-04-26T11:55:33+00:00","twitter_card":"summary_large_image","twitter_misc":{"Gesch\u00e4tzte Lesezeit":"9\u00a0Minuten"},"schema":{"@context":"https:\/\/schema.org","@graph":[{"@type":"WebPage","@id":"https:\/\/schreinerei-sinning.de\/index.php\/tueren\/","url":"https:\/\/schreinerei-sinning.de\/index.php\/tueren\/","name":"T\u00fcren - Schreinerei Sinning GmbH","isPartOf":{"@id":"https:\/\/schreinerei-sinning.de\/#website"},"datePublished":"2022-11-09T14:18:50+00:00","dateModified":"2023-04-26T11:55:33+00:00","breadcrumb":{"@id":"https:\/\/schreinerei-sinning.de\/index.php\/tueren\/#breadcrumb"},"inLanguage":"de","potentialAction":[{"@type":"ReadAction","target":["https:\/\/schreinerei-sinning.de\/index.php\/tueren\/"]}]},{"@type":"BreadcrumbList","@id":"https:\/\/schreinerei-sinning.de\/index.php\/tueren\/#breadcrumb","itemListElement":[{"@type":"ListItem","position":1,"name":"Startseite","item":"https:\/\/schreinerei-sinning.de\/"},{"@type":"ListItem","position":2,"name":"T\u00fcren"}]},{"@type":"WebSite","@id":"https:\/\/schreinerei-sinning.de\/#website","url":"https:\/\/schreinerei-sinning.de\/","name":"Schreinerei Sinning GmbH","description":"Wir bauen IHRE M\u00f6bel","potentialAction":[{"@type":"SearchAction","target":{"@type":"EntryPoint","urlTemplate":"https:\/\/schreinerei-sinning.de\/?s={search_term_string}"},"query-input":"required name=search_term_string"}],"inLanguage":"de"}]}},"_links":{"self":[{"href":"https:\/\/schreinerei-sinning.de\/index.php\/wp-json\/wp\/v2\/pages\/2211","targetHints":{"allow":["GET"]}}],"collection":[{"href":"https:\/\/schreinerei-sinning.de\/index.php\/wp-json\/wp\/v2\/pages"}],"about":[{"href":"https:\/\/schreinerei-sinning.de\/index.php\/wp-json\/wp\/v2\/types\/page"}],"author":[{"embeddable":true,"href":"https:\/\/schreinerei-sinning.de\/index.php\/wp-json\/wp\/v2\/users\/1"}],"replies":[{"embeddable":true,"href":"https:\/\/schreinerei-sinning.de\/index.php\/wp-json\/wp\/v2\/comments?post=2211"}],"version-history":[{"count":53,"href":"https:\/\/schreinerei-sinning.de\/index.php\/wp-json\/wp\/v2\/pages\/2211\/revisions"}],"predecessor-version":[{"id":4165,"href":"https:\/\/schreinerei-sinning.de\/index.php\/wp-json\/wp\/v2\/pages\/2211\/revisions\/4165"}],"wp:attachment":[{"href":"https:\/\/schreinerei-sinning.de\/index.php\/wp-json\/wp\/v2\/media?parent=2211"}],"curies":[{"name":"wp","href":"https:\/\/api.w.org\/{rel}","templated":true}]}}