{"id":1252,"date":"2022-04-21T10:35:28","date_gmt":"2022-04-21T08:35:28","guid":{"rendered":"http:\/\/demo.knecht-online.de\/sinning\/?page_id=1252"},"modified":"2023-04-26T13:56:35","modified_gmt":"2023-04-26T11:56:35","slug":"boden","status":"publish","type":"page","link":"https:\/\/schreinerei-sinning.de\/index.php\/boden\/","title":{"rendered":"Boden"},"content":{"rendered":"<p>[et_pb_section fb_built=&#8220;1&#8243; _builder_version=&#8220;4.17.0&#8243; _module_preset=&#8220;default&#8220; background_color=&#8220;RGBA(255,255,255,0)&#8220; custom_padding=&#8220;120px||120px||false|false&#8220; global_colors_info=&#8220;{}&#8220;][et_pb_row _builder_version=&#8220;4.17.4&#8243; _module_preset=&#8220;default&#8220; custom_padding=&#8220;||60px||false|false&#8220; global_colors_info=&#8220;{}&#8220;][et_pb_column type=&#8220;4_4&#8243; _builder_version=&#8220;4.17.0&#8243; _module_preset=&#8220;default&#8220; global_colors_info=&#8220;{}&#8220;][et_pb_text _builder_version=&#8220;4.20.2&#8243; _module_preset=&#8220;default&#8220; text_font=&#8220;Hind Madurai||||||||&#8220; text_text_color=&#8220;#353D3F&#8220; header_2_font=&#8220;Hind Madurai|700||on|||||&#8220; header_2_text_color=&#8220;#353d3f&#8220; header_2_font_size=&#8220;30px&#8220; header_2_letter_spacing=&#8220;2px&#8220; header_2_line_height=&#8220;1.1em&#8220; custom_margin=&#8220;||0px||false|false&#8220; custom_padding=&#8220;||2px|||&#8220; global_colors_info=&#8220;{}&#8220;]<\/p>\n<h2>B\u00f6den<\/h2>\n<p>Im Bereich B\u00f6den arbeiten wir gerne mit nachfolgenden Qualit\u00e4ts-Partnern zusammen.\u00a0<\/p>\n<p>[\/et_pb_text][\/et_pb_column][\/et_pb_row][et_pb_row _builder_version=&#8220;4.17.4&#8243; _module_preset=&#8220;default&#8220; custom_margin=&#8220;0px||0px||false|false&#8220; custom_padding=&#8220;0px||10px||false|false&#8220; global_colors_info=&#8220;{}&#8220;][et_pb_column type=&#8220;4_4&#8243; _builder_version=&#8220;4.17.0&#8243; _module_preset=&#8220;default&#8220; global_colors_info=&#8220;{}&#8220;][et_pb_text _builder_version=&#8220;4.20.2&#8243; _module_preset=&#8220;default&#8220; text_font=&#8220;Hind Madurai||||||||&#8220; text_text_color=&#8220;#353D3F&#8220; header_2_font=&#8220;Hind Madurai|700||on|||||&#8220; header_2_text_color=&#8220;#353d3f&#8220; header_2_font_size=&#8220;30px&#8220; header_2_letter_spacing=&#8220;2px&#8220; header_2_line_height=&#8220;1.1em&#8220; custom_margin=&#8220;||0px||false|false&#8220; custom_padding=&#8220;||0px||false|false&#8220; global_colors_info=&#8220;{}&#8220;]<\/p>\n<p>K\u00e4hrs \u2013 Parkettb\u00f6den, Holzb\u00f6den und Vinylb\u00f6den<\/p>\n<p>[\/et_pb_text][\/et_pb_column][\/et_pb_row][et_pb_row _builder_version=&#8220;4.19.4&#8243; _module_preset=&#8220;default&#8220; custom_margin=&#8220;0px||35px||false|false&#8220; custom_padding=&#8220;0px||0px||false|false&#8220; link_option_url=&#8220;https:\/\/www.kahrs.com\/de-de\/&#8220; global_colors_info=&#8220;{}&#8220;][et_pb_column type=&#8220;4_4&#8243; _builder_version=&#8220;4.19.4&#8243; _module_preset=&#8220;default&#8220; global_colors_info=&#8220;{}&#8220;][et_pb_image src=&#8220;https:\/\/schreinerei-sinning.de\/wp-content\/uploads\/2023\/03\/qualitaetspartner-kaehrs.jpg&#8220; url=&#8220;https:\/\/www.kahrs.com\/de-de\/&#8220; url_new_window=&#8220;on&#8220; _builder_version=&#8220;4.19.4&#8243; _module_preset=&#8220;default&#8220; global_colors_info=&#8220;{}&#8220;][\/et_pb_image][\/et_pb_column][\/et_pb_row][et_pb_row _builder_version=&#8220;4.17.4&#8243; _module_preset=&#8220;default&#8220; custom_margin=&#8220;0px||0px||false|false&#8220; custom_padding=&#8220;0px||10px||false|false&#8220; global_colors_info=&#8220;{}&#8220;][et_pb_column type=&#8220;4_4&#8243; _builder_version=&#8220;4.17.0&#8243; _module_preset=&#8220;default&#8220; global_colors_info=&#8220;{}&#8220;][et_pb_text _builder_version=&#8220;4.20.2&#8243; _module_preset=&#8220;default&#8220; text_font=&#8220;Hind Madurai||||||||&#8220; text_text_color=&#8220;#353D3F&#8220; header_2_font=&#8220;Hind Madurai|700||on|||||&#8220; header_2_text_color=&#8220;#353d3f&#8220; header_2_font_size=&#8220;30px&#8220; header_2_letter_spacing=&#8220;2px&#8220; header_2_line_height=&#8220;1.1em&#8220; custom_margin=&#8220;||0px||false|false&#8220; custom_padding=&#8220;||0px||false|false&#8220; global_colors_info=&#8220;{}&#8220;]<\/p>\n<p>Meister \u2013 Parkettb\u00f6den, Holzb\u00f6den, Designb\u00f6den und Laminatb\u00f6den<\/p>\n<p>[\/et_pb_text][\/et_pb_column][\/et_pb_row][et_pb_row _builder_version=&#8220;4.19.4&#8243; _module_preset=&#8220;default&#8220; custom_margin=&#8220;0px||35px||false|false&#8220; custom_padding=&#8220;0px||0px||false|false&#8220; link_option_url=&#8220;https:\/\/www.meister.com\/de&#8220; global_colors_info=&#8220;{}&#8220;][et_pb_column type=&#8220;4_4&#8243; _builder_version=&#8220;4.17.4&#8243; _module_preset=&#8220;default&#8220; global_colors_info=&#8220;{}&#8220;][et_pb_image src=&#8220;https:\/\/schreinerei-sinning.de\/wp-content\/uploads\/2023\/01\/qualitaetspartner-meister.jpg&#8220; url=&#8220;https:\/\/www.meister.com\/de&#8220; url_new_window=&#8220;on&#8220; _builder_version=&#8220;4.19.4&#8243; _module_preset=&#8220;default&#8220; global_colors_info=&#8220;{}&#8220;][\/et_pb_image][\/et_pb_column][\/et_pb_row][et_pb_row _builder_version=&#8220;4.17.4&#8243; _module_preset=&#8220;default&#8220; custom_margin=&#8220;0px||0px||false|false&#8220; custom_padding=&#8220;0px||10px||false|false&#8220; global_colors_info=&#8220;{}&#8220;][et_pb_column type=&#8220;4_4&#8243; _builder_version=&#8220;4.17.0&#8243; _module_preset=&#8220;default&#8220; global_colors_info=&#8220;{}&#8220;][et_pb_text _builder_version=&#8220;4.20.2&#8243; _module_preset=&#8220;default&#8220; text_font=&#8220;Hind Madurai||||||||&#8220; text_text_color=&#8220;#353D3F&#8220; header_2_font=&#8220;Hind Madurai|700||on|||||&#8220; header_2_text_color=&#8220;#353d3f&#8220; header_2_font_size=&#8220;30px&#8220; header_2_letter_spacing=&#8220;2px&#8220; header_2_line_height=&#8220;1.1em&#8220; custom_margin=&#8220;||0px||false|false&#8220; custom_padding=&#8220;||0px||false|false&#8220; global_colors_info=&#8220;{}&#8220;]<\/p>\n<p>Parador \u2013 Parkettb\u00f6den, Holzb\u00f6den, Designb\u00f6den und Laminatb\u00f6den<\/p>\n<p>[\/et_pb_text][\/et_pb_column][\/et_pb_row][et_pb_row _builder_version=&#8220;4.19.4&#8243; _module_preset=&#8220;default&#8220; custom_margin=&#8220;0px||35px||false|false&#8220; custom_padding=&#8220;0px||0px||false|false&#8220; link_option_url=&#8220;https:\/\/parador.de\/&#8220; link_option_url_new_window=&#8220;on&#8220; global_colors_info=&#8220;{}&#8220;][et_pb_column type=&#8220;4_4&#8243; _builder_version=&#8220;4.17.4&#8243; _module_preset=&#8220;default&#8220; global_colors_info=&#8220;{}&#8220;][et_pb_image src=&#8220;https:\/\/schreinerei-sinning.de\/wp-content\/uploads\/2023\/03\/qualitaetspartner-parador.jpg&#8220; url=&#8220;https:\/\/parador.de\/&#8220; url_new_window=&#8220;on&#8220; _builder_version=&#8220;4.19.4&#8243; _module_preset=&#8220;default&#8220; global_colors_info=&#8220;{}&#8220;][\/et_pb_image][\/et_pb_column][\/et_pb_row][et_pb_row _builder_version=&#8220;4.17.4&#8243; _module_preset=&#8220;default&#8220; custom_margin=&#8220;0px||0px||false|false&#8220; custom_padding=&#8220;0px||10px||false|false&#8220; global_colors_info=&#8220;{}&#8220;][et_pb_column type=&#8220;4_4&#8243; _builder_version=&#8220;4.17.0&#8243; _module_preset=&#8220;default&#8220; global_colors_info=&#8220;{}&#8220;][et_pb_text _builder_version=&#8220;4.20.2&#8243; _module_preset=&#8220;default&#8220; text_font=&#8220;Hind Madurai||||||||&#8220; text_text_color=&#8220;#353D3F&#8220; header_2_font=&#8220;Hind Madurai|700||on|||||&#8220; header_2_text_color=&#8220;#353d3f&#8220; header_2_font_size=&#8220;30px&#8220; header_2_letter_spacing=&#8220;2px&#8220; header_2_line_height=&#8220;1.1em&#8220; custom_margin=&#8220;||0px||false|false&#8220; custom_padding=&#8220;||0px||false|false&#8220; global_colors_info=&#8220;{}&#8220;]<\/p>\n<p>Ziro \u2013 Vinylb\u00f6den und Designb\u00f6den<\/p>\n<p>[\/et_pb_text][\/et_pb_column][\/et_pb_row][et_pb_row _builder_version=&#8220;4.19.4&#8243; _module_preset=&#8220;default&#8220; custom_margin=&#8220;0px||35px||false|false&#8220; custom_padding=&#8220;0px||0px||false|false&#8220; link_option_url=&#8220;https:\/\/www.ziro.de\/&#8220; link_option_url_new_window=&#8220;on&#8220; global_colors_info=&#8220;{}&#8220;][et_pb_column type=&#8220;4_4&#8243; _builder_version=&#8220;4.17.4&#8243; _module_preset=&#8220;default&#8220; global_colors_info=&#8220;{}&#8220;][et_pb_image src=&#8220;https:\/\/schreinerei-sinning.de\/wp-content\/uploads\/2023\/03\/qualitaetspartner-ziro.jpg&#8220; url=&#8220;https:\/\/www.ziro.de\/&#8220; url_new_window=&#8220;on&#8220; _builder_version=&#8220;4.19.4&#8243; _module_preset=&#8220;default&#8220; global_colors_info=&#8220;{}&#8220;][\/et_pb_image][\/et_pb_column][\/et_pb_row][\/et_pb_section]<\/p>\n","protected":false},"excerpt":{"rendered":"<p>B\u00f6den Im Bereich B\u00f6den arbeiten wir gerne mit nachfolgenden Qualit\u00e4ts-Partnern zusammen.\u00a0K\u00e4hrs \u2013 Parkettb\u00f6den, Holzb\u00f6den und Vinylb\u00f6denMeister \u2013 Parkettb\u00f6den, Holzb\u00f6den, Designb\u00f6den und Laminatb\u00f6denParador \u2013 Parkettb\u00f6den, Holzb\u00f6den, Designb\u00f6den und Laminatb\u00f6denZiro \u2013 Vinylb\u00f6den und Designb\u00f6den<\/p>\n","protected":false},"author":1,"featured_media":0,"parent":0,"menu_order":0,"comment_status":"closed","ping_status":"closed","template":"","meta":{"_et_pb_use_builder":"on","_et_pb_old_content":"","_et_gb_content_width":"","footnotes":""},"class_list":["post-1252","page","type-page","status-publish","hentry"],"yoast_head":"<!-- This site is optimized with the Yoast SEO plugin v20.7 - https:\/\/yoast.com\/wordpress\/plugins\/seo\/ -->\n<title>Boden - Schreinerei Sinning GmbH<\/title>\n<meta name=\"robots\" content=\"index, follow, max-snippet:-1, max-image-preview:large, max-video-preview:-1\" \/>\n<link rel=\"canonical\" href=\"https:\/\/schreinerei-sinning.de\/index.php\/boden\/\" \/>\n<meta property=\"og:locale\" content=\"de_DE\" \/>\n<meta property=\"og:type\" content=\"article\" \/>\n<meta property=\"og:title\" content=\"Boden - Schreinerei Sinning GmbH\" \/>\n<meta property=\"og:description\" content=\"B\u00f6den Im Bereich B\u00f6den arbeiten wir gerne mit nachfolgenden Qualit\u00e4ts-Partnern zusammen.\u00a0K\u00e4hrs \u2013 Parkettb\u00f6den, Holzb\u00f6den und Vinylb\u00f6denMeister \u2013 Parkettb\u00f6den, Holzb\u00f6den, Designb\u00f6den und Laminatb\u00f6denParador \u2013 Parkettb\u00f6den, Holzb\u00f6den, Designb\u00f6den und Laminatb\u00f6denZiro \u2013 Vinylb\u00f6den und Designb\u00f6den\" \/>\n<meta property=\"og:url\" content=\"https:\/\/schreinerei-sinning.de\/index.php\/boden\/\" \/>\n<meta property=\"og:site_name\" content=\"Schreinerei Sinning GmbH\" \/>\n<meta property=\"article:modified_time\" content=\"2023-04-26T11:56:35+00:00\" \/>\n<meta name=\"twitter:card\" content=\"summary_large_image\" \/>\n<meta name=\"twitter:label1\" content=\"Gesch\u00e4tzte Lesezeit\" \/>\n\t<meta name=\"twitter:data1\" content=\"4\u00a0Minuten\" \/>\n<script type=\"application\/ld+json\" class=\"yoast-schema-graph\">{\"@context\":\"https:\/\/schema.org\",\"@graph\":[{\"@type\":\"WebPage\",\"@id\":\"https:\/\/schreinerei-sinning.de\/index.php\/boden\/\",\"url\":\"https:\/\/schreinerei-sinning.de\/index.php\/boden\/\",\"name\":\"Boden - Schreinerei Sinning GmbH\",\"isPartOf\":{\"@id\":\"https:\/\/schreinerei-sinning.de\/#website\"},\"datePublished\":\"2022-04-21T08:35:28+00:00\",\"dateModified\":\"2023-04-26T11:56:35+00:00\",\"breadcrumb\":{\"@id\":\"https:\/\/schreinerei-sinning.de\/index.php\/boden\/#breadcrumb\"},\"inLanguage\":\"de\",\"potentialAction\":[{\"@type\":\"ReadAction\",\"target\":[\"https:\/\/schreinerei-sinning.de\/index.php\/boden\/\"]}]},{\"@type\":\"BreadcrumbList\",\"@id\":\"https:\/\/schreinerei-sinning.de\/index.php\/boden\/#breadcrumb\",\"itemListElement\":[{\"@type\":\"ListItem\",\"position\":1,\"name\":\"Startseite\",\"item\":\"https:\/\/schreinerei-sinning.de\/\"},{\"@type\":\"ListItem\",\"position\":2,\"name\":\"Boden\"}]},{\"@type\":\"WebSite\",\"@id\":\"https:\/\/schreinerei-sinning.de\/#website\",\"url\":\"https:\/\/schreinerei-sinning.de\/\",\"name\":\"Schreinerei Sinning GmbH\",\"description\":\"Wir bauen IHRE M\u00f6bel\",\"potentialAction\":[{\"@type\":\"SearchAction\",\"target\":{\"@type\":\"EntryPoint\",\"urlTemplate\":\"https:\/\/schreinerei-sinning.de\/?s={search_term_string}\"},\"query-input\":\"required name=search_term_string\"}],\"inLanguage\":\"de\"}]}<\/script>\n<!-- \/ Yoast SEO plugin. -->","yoast_head_json":{"title":"Boden - Schreinerei Sinning GmbH","robots":{"index":"index","follow":"follow","max-snippet":"max-snippet:-1","max-image-preview":"max-image-preview:large","max-video-preview":"max-video-preview:-1"},"canonical":"https:\/\/schreinerei-sinning.de\/index.php\/boden\/","og_locale":"de_DE","og_type":"article","og_title":"Boden - Schreinerei Sinning GmbH","og_description":"B\u00f6den Im Bereich B\u00f6den arbeiten wir gerne mit nachfolgenden Qualit\u00e4ts-Partnern zusammen.\u00a0K\u00e4hrs \u2013 Parkettb\u00f6den, Holzb\u00f6den und Vinylb\u00f6denMeister \u2013 Parkettb\u00f6den, Holzb\u00f6den, Designb\u00f6den und Laminatb\u00f6denParador \u2013 Parkettb\u00f6den, Holzb\u00f6den, Designb\u00f6den und Laminatb\u00f6denZiro \u2013 Vinylb\u00f6den und Designb\u00f6den","og_url":"https:\/\/schreinerei-sinning.de\/index.php\/boden\/","og_site_name":"Schreinerei Sinning GmbH","article_modified_time":"2023-04-26T11:56:35+00:00","twitter_card":"summary_large_image","twitter_misc":{"Gesch\u00e4tzte Lesezeit":"4\u00a0Minuten"},"schema":{"@context":"https:\/\/schema.org","@graph":[{"@type":"WebPage","@id":"https:\/\/schreinerei-sinning.de\/index.php\/boden\/","url":"https:\/\/schreinerei-sinning.de\/index.php\/boden\/","name":"Boden - Schreinerei Sinning GmbH","isPartOf":{"@id":"https:\/\/schreinerei-sinning.de\/#website"},"datePublished":"2022-04-21T08:35:28+00:00","dateModified":"2023-04-26T11:56:35+00:00","breadcrumb":{"@id":"https:\/\/schreinerei-sinning.de\/index.php\/boden\/#breadcrumb"},"inLanguage":"de","potentialAction":[{"@type":"ReadAction","target":["https:\/\/schreinerei-sinning.de\/index.php\/boden\/"]}]},{"@type":"BreadcrumbList","@id":"https:\/\/schreinerei-sinning.de\/index.php\/boden\/#breadcrumb","itemListElement":[{"@type":"ListItem","position":1,"name":"Startseite","item":"https:\/\/schreinerei-sinning.de\/"},{"@type":"ListItem","position":2,"name":"Boden"}]},{"@type":"WebSite","@id":"https:\/\/schreinerei-sinning.de\/#website","url":"https:\/\/schreinerei-sinning.de\/","name":"Schreinerei Sinning GmbH","description":"Wir bauen IHRE M\u00f6bel","potentialAction":[{"@type":"SearchAction","target":{"@type":"EntryPoint","urlTemplate":"https:\/\/schreinerei-sinning.de\/?s={search_term_string}"},"query-input":"required name=search_term_string"}],"inLanguage":"de"}]}},"_links":{"self":[{"href":"https:\/\/schreinerei-sinning.de\/index.php\/wp-json\/wp\/v2\/pages\/1252","targetHints":{"allow":["GET"]}}],"collection":[{"href":"https:\/\/schreinerei-sinning.de\/index.php\/wp-json\/wp\/v2\/pages"}],"about":[{"href":"https:\/\/schreinerei-sinning.de\/index.php\/wp-json\/wp\/v2\/types\/page"}],"author":[{"embeddable":true,"href":"https:\/\/schreinerei-sinning.de\/index.php\/wp-json\/wp\/v2\/users\/1"}],"replies":[{"embeddable":true,"href":"https:\/\/schreinerei-sinning.de\/index.php\/wp-json\/wp\/v2\/comments?post=1252"}],"version-history":[{"count":35,"href":"https:\/\/schreinerei-sinning.de\/index.php\/wp-json\/wp\/v2\/pages\/1252\/revisions"}],"predecessor-version":[{"id":4166,"href":"https:\/\/schreinerei-sinning.de\/index.php\/wp-json\/wp\/v2\/pages\/1252\/revisions\/4166"}],"wp:attachment":[{"href":"https:\/\/schreinerei-sinning.de\/index.php\/wp-json\/wp\/v2\/media?parent=1252"}],"curies":[{"name":"wp","href":"https:\/\/api.w.org\/{rel}","templated":true}]}}