{"id":1206,"date":"2022-04-14T11:55:48","date_gmt":"2022-04-14T09:55:48","guid":{"rendered":"http:\/\/demo.knecht-online.de\/sinning\/?page_id=1206"},"modified":"2023-03-23T12:46:24","modified_gmt":"2023-03-23T11:46:24","slug":"impressum","status":"publish","type":"page","link":"https:\/\/schreinerei-sinning.de\/index.php\/impressum\/","title":{"rendered":"Impressum"},"content":{"rendered":"<p>[et_pb_section fb_built=&#8220;1&#8243; custom_padding_last_edited=&#8220;on|phone&#8220; module_id=&#8220;philosophie&#8220; _builder_version=&#8220;4.19.4&#8243; _module_preset=&#8220;default&#8220; background_color=&#8220;#1e2426&#8243; custom_padding=&#8220;100px||100px||false|false&#8220; custom_padding_tablet=&#8220;100px||100px||false|false&#8220; custom_padding_phone=&#8220;30px||||false|false&#8220; global_colors_info=&#8220;{}&#8220;][et_pb_row column_structure=&#8220;1_2,1_2&#8243; _builder_version=&#8220;4.17.0&#8243; _module_preset=&#8220;default&#8220; custom_margin=&#8220;||0px||false|false&#8220; custom_padding=&#8220;||0px||false|false&#8220; global_colors_info=&#8220;{}&#8220;][et_pb_column type=&#8220;1_2&#8243; _builder_version=&#8220;4.17.0&#8243; _module_preset=&#8220;default&#8220; global_colors_info=&#8220;{}&#8220;][et_pb_text _builder_version=&#8220;4.19.4&#8243; _module_preset=&#8220;default&#8220; text_font=&#8220;Hind Madurai||||||||&#8220; text_text_color=&#8220;#353D3F&#8220; header_2_font=&#8220;Hind Madurai|700||on|||||&#8220; header_2_text_color=&#8220;#F5F5F5&#8243; header_2_font_size=&#8220;30px&#8220; header_2_letter_spacing=&#8220;2px&#8220; header_2_line_height=&#8220;1.1em&#8220; header_5_font=&#8220;|700|||||||&#8220; header_5_text_color=&#8220;#79A87B&#8220; header_5_font_size=&#8220;20px&#8220; custom_margin=&#8220;||25px||false|false&#8220; global_colors_info=&#8220;{}&#8220;]<\/p>\n<h2>Im&shy;pressum<\/h2>\n<p>[\/et_pb_text][\/et_pb_column][et_pb_column type=&#8220;1_2&#8243; _builder_version=&#8220;4.17.0&#8243; _module_preset=&#8220;default&#8220; global_colors_info=&#8220;{}&#8220;][\/et_pb_column][\/et_pb_row][et_pb_row column_structure=&#8220;1_2,1_2&#8243; _builder_version=&#8220;4.17.0&#8243; _module_preset=&#8220;default&#8220; custom_padding=&#8220;0px||||false|false&#8220; global_colors_info=&#8220;{}&#8220;][et_pb_column type=&#8220;1_2&#8243; _builder_version=&#8220;4.17.0&#8243; _module_preset=&#8220;default&#8220; global_colors_info=&#8220;{}&#8220;][et_pb_text _builder_version=&#8220;4.19.4&#8243; _module_preset=&#8220;default&#8220; text_font=&#8220;Hind Madurai||||||||&#8220; text_text_color=&#8220;#F5F5F5&#8243; header_2_font=&#8220;Hind Madurai|700||on|||||&#8220; header_2_text_color=&#8220;#353d3f&#8220; header_2_font_size=&#8220;30px&#8220; header_2_letter_spacing=&#8220;2px&#8220; header_2_line_height=&#8220;1.1em&#8220; header_4_font=&#8220;|700||on|||||&#8220; header_4_text_color=&#8220;#959595&#8243; header_5_font=&#8220;|700|||||||&#8220; header_5_text_color=&#8220;#79A87B&#8220; header_5_font_size=&#8220;20px&#8220; global_colors_info=&#8220;{}&#8220;]<\/p>\n<h4>Anschrift<\/h4>\n<p><strong>Schreinerei Sinning GmbH<br \/><\/strong>Max-Planck-Stra\u00dfe 7<br \/>55218 Ingelheim<\/p>\n<p>Telefon: +49 (0) 6132 \/ 89 96 71 &#8211; 0<br \/>Telefax: +49 (0) 6132 \/ 89 96 71 &#8211; 29<br \/>E-Mail: info[at]schreinerei-sinning.de<\/p>\n<p>Gesch\u00e4ftsf\u00fchrer: J\u00f6rg Sinning<br \/>Amtsgericht Mainz<br \/>USt-IdNr. (\u00a727a): DE211914864<strong><\/strong><\/p>\n<p><strong>Inhaltlich verantwortlich (\u00a76 MDStV)<br \/><\/strong>J\u00f6rg Sinning<strong><\/strong><span class=\"font-blue\"><strong><\/strong><\/span><\/p>\n<p>[\/et_pb_text][\/et_pb_column][et_pb_column type=&#8220;1_2&#8243; _builder_version=&#8220;4.17.0&#8243; _module_preset=&#8220;default&#8220; global_colors_info=&#8220;{}&#8220;][et_pb_text _builder_version=&#8220;4.19.4&#8243; _module_preset=&#8220;default&#8220; text_text_color=&#8220;#F5F5F5&#8243; header_4_font=&#8220;|700||on|||||&#8220; header_4_text_color=&#8220;#959595&#8243; global_colors_info=&#8220;{}&#8220;]<\/p>\n<h4>Sonstiges<\/h4>\n<p><strong>Haftungsausschluss<br \/><\/strong>Trotz sorgf\u00e4ltiger inhaltlicher Kontrolle \u00fcbernehmen wir keine Haftung f\u00fcr die Inhalte externer Links. F\u00fcr den Inhalt der verlinkten Seiten sind ausschlie\u00dflich deren Betreiber verantwortlich.<\/p>\n<p><strong>Copyright<br \/><\/strong>Alle Inhalte unserer Homepage sind urheberrechtlich gesch\u00fctzt. Eine Vervielf\u00e4ltigung einzelner Ausz\u00fcge oder vollst\u00e4ndiger Seiteninhalte bedarf unserer vorherigen schriftlichen Genehmigung.<strong><\/strong><strong><\/strong><strong><\/strong><strong><\/strong><\/p>\n<p><strong>Verwendete Bildquellen\/Bildmaterial:<\/strong><\/p>\n<p><strong>Gestaltung und Umsetzung<br \/><\/strong><strong><\/strong><a href=\"http:\/\/www.knecht-online.de\" target=\"_blank\" rel=\"noopener\" class=\"font-blue\">www.knecht-online.de<\/a><\/p>\n<p>[\/et_pb_text][\/et_pb_column][\/et_pb_row][\/et_pb_section]<\/p>\n","protected":false},"excerpt":{"rendered":"<p>Im&shy;pressumAnschrift Schreinerei Sinning GmbHMax-Planck-Stra\u00dfe 755218 Ingelheim Telefon: +49 (0) 6132 \/ 89 96 71 &#8211; 0Telefax: +49 (0) 6132 \/ 89 96 71 &#8211; 29E-Mail: info[at]schreinerei-sinning.de Gesch\u00e4ftsf\u00fchrer: J\u00f6rg SinningAmtsgericht MainzUSt-IdNr. (\u00a727a): DE211914864 Inhaltlich verantwortlich (\u00a76 MDStV)J\u00f6rg SinningSonstiges HaftungsausschlussTrotz sorgf\u00e4ltiger inhaltlicher Kontrolle \u00fcbernehmen wir keine Haftung f\u00fcr die Inhalte externer Links. F\u00fcr den Inhalt der verlinkten [&hellip;]<\/p>\n","protected":false},"author":1,"featured_media":0,"parent":0,"menu_order":0,"comment_status":"closed","ping_status":"closed","template":"","meta":{"_et_pb_use_builder":"on","_et_pb_old_content":"","_et_gb_content_width":"","footnotes":""},"class_list":["post-1206","page","type-page","status-publish","hentry"],"yoast_head":"<!-- This site is optimized with the Yoast SEO plugin v20.7 - https:\/\/yoast.com\/wordpress\/plugins\/seo\/ -->\n<title>Impressum - Schreinerei Sinning GmbH<\/title>\n<meta name=\"robots\" content=\"index, follow, max-snippet:-1, max-image-preview:large, max-video-preview:-1\" \/>\n<link rel=\"canonical\" href=\"https:\/\/schreinerei-sinning.de\/index.php\/impressum\/\" \/>\n<meta property=\"og:locale\" content=\"de_DE\" \/>\n<meta property=\"og:type\" content=\"article\" \/>\n<meta property=\"og:title\" content=\"Impressum - Schreinerei Sinning GmbH\" \/>\n<meta property=\"og:description\" content=\"Im&shy;pressumAnschrift Schreinerei Sinning GmbHMax-Planck-Stra\u00dfe 755218 Ingelheim Telefon: +49 (0) 6132 \/ 89 96 71 - 0Telefax: +49 (0) 6132 \/ 89 96 71 - 29E-Mail: info[at]schreinerei-sinning.de Gesch\u00e4ftsf\u00fchrer: J\u00f6rg SinningAmtsgericht MainzUSt-IdNr. (\u00a727a): DE211914864 Inhaltlich verantwortlich (\u00a76 MDStV)J\u00f6rg SinningSonstiges HaftungsausschlussTrotz sorgf\u00e4ltiger inhaltlicher Kontrolle \u00fcbernehmen wir keine Haftung f\u00fcr die Inhalte externer Links. F\u00fcr den Inhalt der verlinkten [&hellip;]\" \/>\n<meta property=\"og:url\" content=\"https:\/\/schreinerei-sinning.de\/index.php\/impressum\/\" \/>\n<meta property=\"og:site_name\" content=\"Schreinerei Sinning GmbH\" \/>\n<meta property=\"article:modified_time\" content=\"2023-03-23T11:46:24+00:00\" \/>\n<meta name=\"twitter:card\" content=\"summary_large_image\" \/>\n<meta name=\"twitter:label1\" content=\"Gesch\u00e4tzte Lesezeit\" \/>\n\t<meta name=\"twitter:data1\" content=\"2\u00a0Minuten\" \/>\n<script type=\"application\/ld+json\" class=\"yoast-schema-graph\">{\"@context\":\"https:\/\/schema.org\",\"@graph\":[{\"@type\":\"WebPage\",\"@id\":\"https:\/\/schreinerei-sinning.de\/index.php\/impressum\/\",\"url\":\"https:\/\/schreinerei-sinning.de\/index.php\/impressum\/\",\"name\":\"Impressum - Schreinerei Sinning GmbH\",\"isPartOf\":{\"@id\":\"https:\/\/schreinerei-sinning.de\/#website\"},\"datePublished\":\"2022-04-14T09:55:48+00:00\",\"dateModified\":\"2023-03-23T11:46:24+00:00\",\"breadcrumb\":{\"@id\":\"https:\/\/schreinerei-sinning.de\/index.php\/impressum\/#breadcrumb\"},\"inLanguage\":\"de\",\"potentialAction\":[{\"@type\":\"ReadAction\",\"target\":[\"https:\/\/schreinerei-sinning.de\/index.php\/impressum\/\"]}]},{\"@type\":\"BreadcrumbList\",\"@id\":\"https:\/\/schreinerei-sinning.de\/index.php\/impressum\/#breadcrumb\",\"itemListElement\":[{\"@type\":\"ListItem\",\"position\":1,\"name\":\"Startseite\",\"item\":\"https:\/\/schreinerei-sinning.de\/\"},{\"@type\":\"ListItem\",\"position\":2,\"name\":\"Impressum\"}]},{\"@type\":\"WebSite\",\"@id\":\"https:\/\/schreinerei-sinning.de\/#website\",\"url\":\"https:\/\/schreinerei-sinning.de\/\",\"name\":\"Schreinerei Sinning GmbH\",\"description\":\"Wir bauen IHRE M\u00f6bel\",\"potentialAction\":[{\"@type\":\"SearchAction\",\"target\":{\"@type\":\"EntryPoint\",\"urlTemplate\":\"https:\/\/schreinerei-sinning.de\/?s={search_term_string}\"},\"query-input\":\"required name=search_term_string\"}],\"inLanguage\":\"de\"}]}<\/script>\n<!-- \/ Yoast SEO plugin. -->","yoast_head_json":{"title":"Impressum - Schreinerei Sinning GmbH","robots":{"index":"index","follow":"follow","max-snippet":"max-snippet:-1","max-image-preview":"max-image-preview:large","max-video-preview":"max-video-preview:-1"},"canonical":"https:\/\/schreinerei-sinning.de\/index.php\/impressum\/","og_locale":"de_DE","og_type":"article","og_title":"Impressum - Schreinerei Sinning GmbH","og_description":"Im&shy;pressumAnschrift Schreinerei Sinning GmbHMax-Planck-Stra\u00dfe 755218 Ingelheim Telefon: +49 (0) 6132 \/ 89 96 71 - 0Telefax: +49 (0) 6132 \/ 89 96 71 - 29E-Mail: info[at]schreinerei-sinning.de Gesch\u00e4ftsf\u00fchrer: J\u00f6rg SinningAmtsgericht MainzUSt-IdNr. (\u00a727a): DE211914864 Inhaltlich verantwortlich (\u00a76 MDStV)J\u00f6rg SinningSonstiges HaftungsausschlussTrotz sorgf\u00e4ltiger inhaltlicher Kontrolle \u00fcbernehmen wir keine Haftung f\u00fcr die Inhalte externer Links. F\u00fcr den Inhalt der verlinkten [&hellip;]","og_url":"https:\/\/schreinerei-sinning.de\/index.php\/impressum\/","og_site_name":"Schreinerei Sinning GmbH","article_modified_time":"2023-03-23T11:46:24+00:00","twitter_card":"summary_large_image","twitter_misc":{"Gesch\u00e4tzte Lesezeit":"2\u00a0Minuten"},"schema":{"@context":"https:\/\/schema.org","@graph":[{"@type":"WebPage","@id":"https:\/\/schreinerei-sinning.de\/index.php\/impressum\/","url":"https:\/\/schreinerei-sinning.de\/index.php\/impressum\/","name":"Impressum - Schreinerei Sinning GmbH","isPartOf":{"@id":"https:\/\/schreinerei-sinning.de\/#website"},"datePublished":"2022-04-14T09:55:48+00:00","dateModified":"2023-03-23T11:46:24+00:00","breadcrumb":{"@id":"https:\/\/schreinerei-sinning.de\/index.php\/impressum\/#breadcrumb"},"inLanguage":"de","potentialAction":[{"@type":"ReadAction","target":["https:\/\/schreinerei-sinning.de\/index.php\/impressum\/"]}]},{"@type":"BreadcrumbList","@id":"https:\/\/schreinerei-sinning.de\/index.php\/impressum\/#breadcrumb","itemListElement":[{"@type":"ListItem","position":1,"name":"Startseite","item":"https:\/\/schreinerei-sinning.de\/"},{"@type":"ListItem","position":2,"name":"Impressum"}]},{"@type":"WebSite","@id":"https:\/\/schreinerei-sinning.de\/#website","url":"https:\/\/schreinerei-sinning.de\/","name":"Schreinerei Sinning GmbH","description":"Wir bauen IHRE M\u00f6bel","potentialAction":[{"@type":"SearchAction","target":{"@type":"EntryPoint","urlTemplate":"https:\/\/schreinerei-sinning.de\/?s={search_term_string}"},"query-input":"required name=search_term_string"}],"inLanguage":"de"}]}},"_links":{"self":[{"href":"https:\/\/schreinerei-sinning.de\/index.php\/wp-json\/wp\/v2\/pages\/1206","targetHints":{"allow":["GET"]}}],"collection":[{"href":"https:\/\/schreinerei-sinning.de\/index.php\/wp-json\/wp\/v2\/pages"}],"about":[{"href":"https:\/\/schreinerei-sinning.de\/index.php\/wp-json\/wp\/v2\/types\/page"}],"author":[{"embeddable":true,"href":"https:\/\/schreinerei-sinning.de\/index.php\/wp-json\/wp\/v2\/users\/1"}],"replies":[{"embeddable":true,"href":"https:\/\/schreinerei-sinning.de\/index.php\/wp-json\/wp\/v2\/comments?post=1206"}],"version-history":[{"count":13,"href":"https:\/\/schreinerei-sinning.de\/index.php\/wp-json\/wp\/v2\/pages\/1206\/revisions"}],"predecessor-version":[{"id":3938,"href":"https:\/\/schreinerei-sinning.de\/index.php\/wp-json\/wp\/v2\/pages\/1206\/revisions\/3938"}],"wp:attachment":[{"href":"https:\/\/schreinerei-sinning.de\/index.php\/wp-json\/wp\/v2\/media?parent=1206"}],"curies":[{"name":"wp","href":"https:\/\/api.w.org\/{rel}","templated":true}]}}